{"id":23649,"date":"2021-10-26T14:25:26","date_gmt":"2021-10-26T12:25:26","guid":{"rendered":"https:\/\/pfatest.saarlb.com\/mentions-legales\/"},"modified":"2026-01-23T16:12:38","modified_gmt":"2026-01-23T15:12:38","slug":"mentions-legales","status":"publish","type":"page","link":"https:\/\/pfatest.saarlb.com\/fr\/mentions-legales\/","title":{"rendered":"Mentions l\u00e9gales"},"content":{"rendered":"\t\t<div data-elementor-type=\"wp-page\" data-elementor-id=\"23649\" class=\"elementor elementor-23649 elementor-22455\" data-elementor-post-type=\"page\">\n\t\t\t\t\t\t<section data-dce-background-image-url=\"https:\/\/pfatest.saarlb.com\/wp-content\/uploads\/2021\/10\/Grafik_Paragraph.jpg\" class=\"elementor-section elementor-top-section elementor-element elementor-element-58a5ece9 elementor-section-boxed elementor-section-height-default elementor-section-height-default\" data-id=\"58a5ece9\" data-element_type=\"section\" data-e-type=\"section\" data-settings=\"{&quot;background_background&quot;:&quot;classic&quot;}\">\n\t\t\t\t\t\t<div class=\"elementor-container elementor-column-gap-default\">\n\t\t\t\t\t<div class=\"elementor-column elementor-col-100 elementor-top-column elementor-element elementor-element-55eb7909\" data-id=\"55eb7909\" data-element_type=\"column\" data-e-type=\"column\">\n\t\t\t<div class=\"elementor-widget-wrap elementor-element-populated\">\n\t\t\t\t\t\t<div class=\"elementor-element elementor-element-1cb81c3 elementor-widget elementor-widget-spacer\" data-id=\"1cb81c3\" data-element_type=\"widget\" data-e-type=\"widget\" data-widget_type=\"spacer.default\">\n\t\t\t\t<div class=\"elementor-widget-container\">\n\t\t\t\t\t\t\t<div class=\"elementor-spacer\">\n\t\t\t<div class=\"elementor-spacer-inner\"><\/div>\n\t\t<\/div>\n\t\t\t\t\t\t<\/div>\n\t\t\t\t<\/div>\n\t\t\t\t\t<\/div>\n\t\t<\/div>\n\t\t\t\t\t<\/div>\n\t\t<\/section>\n\t\t\t\t<section class=\"elementor-section elementor-top-section elementor-element elementor-element-536079a elementor-section-boxed elementor-section-height-default elementor-section-height-default\" data-id=\"536079a\" data-element_type=\"section\" data-e-type=\"section\">\n\t\t\t\t\t\t<div class=\"elementor-container elementor-column-gap-default\">\n\t\t\t\t\t<div class=\"elementor-column elementor-col-100 elementor-top-column elementor-element elementor-element-44db2e70\" data-id=\"44db2e70\" data-element_type=\"column\" data-e-type=\"column\">\n\t\t\t<div class=\"elementor-widget-wrap elementor-element-populated\">\n\t\t\t\t\t\t\t<\/div>\n\t\t<\/div>\n\t\t\t\t\t<\/div>\n\t\t<\/section>\n\t\t\t\t<section class=\"elementor-section elementor-top-section elementor-element elementor-element-24831813 elementor-section-boxed elementor-section-height-default elementor-section-height-default\" data-id=\"24831813\" data-element_type=\"section\" data-e-type=\"section\">\n\t\t\t\t\t\t<div class=\"elementor-container elementor-column-gap-default\">\n\t\t\t\t\t<div class=\"elementor-column elementor-col-100 elementor-top-column elementor-element elementor-element-51059452\" data-id=\"51059452\" data-element_type=\"column\" data-e-type=\"column\">\n\t\t\t<div class=\"elementor-widget-wrap elementor-element-populated\">\n\t\t\t\t\t\t<div data-dce-title-color=\"#000000\" class=\"elementor-element elementor-element-2d2a3fc2 elementor-widget elementor-widget-heading\" data-id=\"2d2a3fc2\" data-element_type=\"widget\" data-e-type=\"widget\" data-widget_type=\"heading.default\">\n\t\t\t\t<div class=\"elementor-widget-container\">\n\t\t\t\t\t<h1 class=\"elementor-heading-title elementor-size-default\">Mentions l\u00e9gales<\/h1>\t\t\t\t<\/div>\n\t\t\t\t<\/div>\n\t\t\t\t\t<\/div>\n\t\t<\/div>\n\t\t\t\t\t<\/div>\n\t\t<\/section>\n\t\t\t\t<section class=\"elementor-section elementor-top-section elementor-element elementor-element-1e62e5e elementor-section-boxed elementor-section-height-default elementor-section-height-default\" data-id=\"1e62e5e\" data-element_type=\"section\" data-e-type=\"section\">\n\t\t\t\t\t\t<div class=\"elementor-container elementor-column-gap-default\">\n\t\t\t\t\t<div class=\"elementor-column elementor-col-100 elementor-top-column elementor-element elementor-element-fa7e05c\" data-id=\"fa7e05c\" data-element_type=\"column\" data-e-type=\"column\">\n\t\t\t<div class=\"elementor-widget-wrap elementor-element-populated\">\n\t\t\t\t\t\t<div class=\"elementor-element elementor-element-5f1de19 elementor-widget elementor-widget-text-editor\" data-id=\"5f1de19\" data-element_type=\"widget\" data-e-type=\"widget\" data-widget_type=\"text-editor.default\">\n\t\t\t\t<div class=\"elementor-widget-container\">\n\t\t\t\t\t\t\t\t\t<p><strong>Adresse bibliographique:<\/strong><\/p>\n<p>SaarLB<br \/>Landesbank Saar<br \/>Anstalt des \u00f6ffentlichen Rechts<br \/>Ursulinenstra\u00dfe 2<br \/>66111 Saarbr\u00fccken, Germany<\/p>\n<p>Phone: +49 681 383-01<br \/>Telefax: +49 681 383-1200<br \/>E-Mail: service@saarlb.de<\/p>\n<p>Bank identifier code 590 500 00<br \/>Register of Companies HRA 8589 Saarbr\u00fccken<br \/>VAT registration No. DE 138 11 69 52<br \/>Legal Entity Identifier (LEI): 52990050SU0S4QQ4Z793<\/p>\n<p><strong><br \/>\nAuthorised representatives:<\/strong><\/p>\n<p>Dr. Jochen Sutor, Chairman of the Board of Management<br \/>Gunar Feth, Deputy Chairman of the Board of Management<br \/>Frank Eloy, Member of the Board of Management<br \/>Maik Mittelberg,<\/p>\n<p><strong>Supervisory authorities:<\/strong><\/p>\n<p>European Central Bank<br \/>Sonnemannstra\u00dfe 20<br \/>60314 Frankfurt am Main<br \/>Germany<br \/>www.ecb.europa.eu<\/p>\n<p>Bundesanstalt f\u00fcr Finanzdienstleistungsaufsicht<br \/>Graurheindorfer Stra\u00dfe 108<br \/>53117 Bonn, Germany<br \/>and<br \/>Marie-Curie-Stra\u00dfe 24-28<br \/>60439 Frankfurt am Main, Germany<br \/>www.bafin.de<\/p>\n<p>Ministerium f\u00fcr Wirtschaft, Arbeit, Energie und Verkehr<br \/>Franz-Josef-R\u00f6der-Stra\u00dfe 17<br \/>66119 Saarbr\u00fccken<br \/>Germany<br \/>www.wirtschaft.saarland.de<\/p>\n<p><strong>Internet publisher:<\/strong><\/p>\n<p>Communication :<br \/>Andrea Mayer-Gerhards<br \/>E-Mail:\u00a0<a href=\"mailto:service@saarlb.de\">service@saarlb.de<\/a><br \/>Telefon: 0681 383-1390<\/p>\n<p>Technologie :<br \/>EWERLE GmbH<br \/>Robert-Koch-Weg 6<br \/>66292 Riegelsberg<br \/><a class=\"wpel-icon-left\" href=\"http:\/\/www.frank-ewerle.de\/\" target=\"_blank\" rel=\"nofollow noopener\" data-wpel-link=\"external\">www.frank-ewerle.de<\/a><\/p>\n<p>&nbsp;<\/p>\n<p><strong>Unsolicited e-mails<\/strong><\/p>\n<p>SaarLB generally does not send any unsolicited e-mails which, for example, urge you to purchase certain securities.<\/p>\n<p>Should you receive such an e-mail, it is safe to assume that it is so-called \u201cspam mail\u201d with a fake sender address. Unfortunately, we have no technical means of combating such mails.<\/p>\n<p>If you have doubts about the authenticity of a mail relating to SaarLB, please contact us before you open the e-mail or any of its attachments.<\/p>\n\t\t\t\t\t\t\t\t<\/div>\n\t\t\t\t<\/div>\n\t\t\t\t\t<\/div>\n\t\t<\/div>\n\t\t\t\t\t<\/div>\n\t\t<\/section>\n\t\t\t\t<\/div>\n\t\t","protected":false},"excerpt":{"rendered":"<p>Mentions l\u00e9gales Adresse bibliographique: SaarLBLandesbank SaarAnstalt des \u00f6ffentlichen RechtsUrsulinenstra\u00dfe 266111 Saarbr\u00fccken, Germany Phone: +49 681 383-01Telefax: +49 681 383-1200E-Mail: service@saarlb.de Bank identifier code 590 500 00Register of Companies HRA 8589 Saarbr\u00fcckenVAT registration No. DE 138 11 69 52Legal Entity Identifier (LEI): 52990050SU0S4QQ4Z793 Authorised representatives: Dr. Jochen Sutor, Chairman of the Board of ManagementGunar Feth, Deputy [&hellip;]<\/p>\n","protected":false},"author":43,"featured_media":0,"parent":0,"menu_order":0,"comment_status":"closed","ping_status":"closed","template":"","meta":{"_acf_changed":false,"footnotes":"","_links_to":"","_links_to_target":""},"class_list":["post-23649","page","type-page","status-publish","hentry"],"acf":[],"_links":{"self":[{"href":"https:\/\/pfatest.saarlb.com\/fr\/wp-json\/wp\/v2\/pages\/23649","targetHints":{"allow":["GET"]}}],"collection":[{"href":"https:\/\/pfatest.saarlb.com\/fr\/wp-json\/wp\/v2\/pages"}],"about":[{"href":"https:\/\/pfatest.saarlb.com\/fr\/wp-json\/wp\/v2\/types\/page"}],"author":[{"embeddable":true,"href":"https:\/\/pfatest.saarlb.com\/fr\/wp-json\/wp\/v2\/users\/43"}],"replies":[{"embeddable":true,"href":"https:\/\/pfatest.saarlb.com\/fr\/wp-json\/wp\/v2\/comments?post=23649"}],"version-history":[{"count":5,"href":"https:\/\/pfatest.saarlb.com\/fr\/wp-json\/wp\/v2\/pages\/23649\/revisions"}],"predecessor-version":[{"id":35324,"href":"https:\/\/pfatest.saarlb.com\/fr\/wp-json\/wp\/v2\/pages\/23649\/revisions\/35324"}],"wp:attachment":[{"href":"https:\/\/pfatest.saarlb.com\/fr\/wp-json\/wp\/v2\/media?parent=23649"}],"curies":[{"name":"wp","href":"https:\/\/api.w.org\/{rel}","templated":true}]}}